{"id":2,"date":"2025-02-14T10:12:40","date_gmt":"2025-02-14T10:12:40","guid":{"rendered":"http:\/\/skylanoir.com\/?page_id=2"},"modified":"2025-03-18T04:38:24","modified_gmt":"2025-03-18T04:38:24","slug":"sample-page","status":"publish","type":"page","link":"https:\/\/skylanoir.com\/de\/","title":{"rendered":"Home"},"content":{"rendered":"<div data-elementor-type=\"wp-page\" data-elementor-id=\"2\" class=\"elementor elementor-2\">\n\t\t\t\t<div class=\"elementor-element elementor-element-04decd8 e-flex e-con-boxed e-con e-parent\" data-id=\"04decd8\" data-element_type=\"container\">\n\t\t\t\t\t<div class=\"e-con-inner\">\n\t\t\t\t<div class=\"elementor-element elementor-element-0133567 elementor-widget elementor-widget-heading\" data-id=\"0133567\" data-element_type=\"widget\" data-widget_type=\"heading.default\">\n\t\t\t\t\t<h1 class=\"elementor-heading-title elementor-size-default\">SKYLA NOIR<\/h1>\t\t\t\t<\/div>\n\t\t\t\t\t<\/div>\n\t\t\t\t<\/div>\n\t\t<div class=\"elementor-element elementor-element-973cd37 e-grid e-con-boxed e-con e-parent\" data-id=\"973cd37\" data-element_type=\"container\">\n\t\t\t\t\t<div class=\"e-con-inner\">\n\t\t\t\t<div class=\"elementor-element elementor-element-b26916d elementor-widget elementor-widget-image\" data-id=\"b26916d\" data-element_type=\"widget\" data-widget_type=\"image.default\">\n\t\t\t\t\t\t\t\t\t\t\t\t\t\t\t<img fetchpriority=\"high\" decoding=\"async\" width=\"1024\" height=\"1024\" src=\"https:\/\/skylanoir.com\/wp-content\/uploads\/2025\/02\/Albumcover-Kopie-1024x1024.jpg\" class=\"attachment-large size-large wp-image-20\" alt=\"\" srcset=\"https:\/\/skylanoir.com\/wp-content\/uploads\/2025\/02\/Albumcover-Kopie-1024x1024.jpg 1024w, https:\/\/skylanoir.com\/wp-content\/uploads\/2025\/02\/Albumcover-Kopie-300x300.jpg 300w, https:\/\/skylanoir.com\/wp-content\/uploads\/2025\/02\/Albumcover-Kopie-150x150.jpg 150w, https:\/\/skylanoir.com\/wp-content\/uploads\/2025\/02\/Albumcover-Kopie-768x768.jpg 768w, https:\/\/skylanoir.com\/wp-content\/uploads\/2025\/02\/Albumcover-Kopie-1536x1536.jpg 1536w, https:\/\/skylanoir.com\/wp-content\/uploads\/2025\/02\/Albumcover-Kopie.jpg 2048w\" sizes=\"(max-width: 1024px) 100vw, 1024px\" \/>\t\t\t\t\t\t\t\t\t\t\t\t\t\t\t<\/div>\n\t\t<div class=\"elementor-element elementor-element-db5e040 e-grid e-con-full e-con e-child\" data-id=\"db5e040\" data-element_type=\"container\">\n\t\t\t\t<div class=\"elementor-element elementor-element-18a6384 elementor-widget elementor-widget-heading\" data-id=\"18a6384\" data-element_type=\"widget\" data-widget_type=\"heading.default\">\n\t\t\t\t\t<h2 class=\"elementor-heading-title elementor-size-default\">New Album out now!<\/h2>\t\t\t\t<\/div>\n\t\t\t\t<div class=\"elementor-element elementor-element-8a66746 elementor-widget elementor-widget-text-editor\" data-id=\"8a66746\" data-element_type=\"widget\" data-widget_type=\"text-editor.default\">\n\t\t\t\t\t\t\t\t\t<p style=\"text-align: center;\">H\u00f6r es jetzt!<\/p><p style=\"text-align: center;\"><strong><a href=\"https:\/\/hyperfollow.com\/skylanoir\">HIER<\/a><\/strong><\/p>\t\t\t\t\t\t\t\t<\/div>\n\t\t\t\t<div class=\"elementor-element elementor-element-ec5971b elementor-widget elementor-widget-image\" data-id=\"ec5971b\" data-element_type=\"widget\" data-widget_type=\"image.default\">\n\t\t\t\t\t\t\t\t\t\t\t\t\t\t\t\t<a href=\"https:\/\/www.instagram.com\/skyla.noir\" target=\"_blank\">\n\t\t\t\t\t\t\t<img decoding=\"async\" width=\"50\" height=\"50\" src=\"https:\/\/skylanoir.com\/wp-content\/uploads\/2025\/02\/instagram-klein.png\" class=\"attachment-thumbnail size-thumbnail wp-image-164\" alt=\"\" srcset=\"https:\/\/skylanoir.com\/wp-content\/uploads\/2025\/02\/instagram-klein.png 50w, https:\/\/skylanoir.com\/wp-content\/uploads\/2025\/02\/instagram-klein-12x12.png 12w\" sizes=\"(max-width: 50px) 100vw, 50px\" \/>\t\t\t\t\t\t\t\t<\/a>\n\t\t\t\t\t\t\t\t\t\t\t\t\t\t\t<\/div>\n\t\t\t\t<\/div>\n\t\t\t\t\t<\/div>\n\t\t\t\t<\/div>\n\t\t<div class=\"elementor-element elementor-element-5fd6c21 e-flex e-con-boxed e-con e-parent\" data-id=\"5fd6c21\" data-element_type=\"container\">\n\t\t\t\t\t<div class=\"e-con-inner\">\n\t\t<div class=\"elementor-element elementor-element-f059c6a e-con-full e-flex e-con e-child\" data-id=\"f059c6a\" data-element_type=\"container\">\n\t\t\t\t<div class=\"elementor-element elementor-element-1af5c22 elementor-widget elementor-widget-image\" data-id=\"1af5c22\" data-element_type=\"widget\" data-widget_type=\"image.default\">\n\t\t\t\t\t\t\t\t\t\t\t\t\t\t\t<img decoding=\"async\" width=\"512\" height=\"512\" src=\"https:\/\/skylanoir.com\/wp-content\/uploads\/2025\/02\/Portrait.jpg\" class=\"attachment-medium_large size-medium_large wp-image-7\" alt=\"\" srcset=\"https:\/\/skylanoir.com\/wp-content\/uploads\/2025\/02\/Portrait.jpg 512w, https:\/\/skylanoir.com\/wp-content\/uploads\/2025\/02\/Portrait-300x300.jpg 300w, https:\/\/skylanoir.com\/wp-content\/uploads\/2025\/02\/Portrait-150x150.jpg 150w\" sizes=\"(max-width: 512px) 100vw, 512px\" \/>\t\t\t\t\t\t\t\t\t\t\t\t\t\t\t<\/div>\n\t\t\t\t<\/div>\n\t\t<div class=\"elementor-element elementor-element-d60a9ef e-con-full e-flex e-con e-child\" data-id=\"d60a9ef\" data-element_type=\"container\">\n\t\t\t\t<div class=\"elementor-element elementor-element-94146f9 elementor-widget elementor-widget-text-editor\" data-id=\"94146f9\" data-element_type=\"widget\" data-widget_type=\"text-editor.default\">\n\t\t\t\t\t\t\t\t\t<p>&#8220;<strong>The Twisted Journey of Dating in 2024<\/strong>\" ist ein einzigartiges Projekt, das die kreative Verschmelzung von Mensch und Maschine auf brillante Weise feiert. Als Deb\u00fctalbum der menschlichen K\u00fcnstlerin kombiniert es intime, pers\u00f6nliche Erlebnisse mit der innovativen Kraft k\u00fcnstlicher Intelligenz.<\/p><p>Die Texte stammen aus ihren eigenen Erfahrungen und werden von Skyla Noir, einer KI-S\u00e4ngerin, in lebendige Musik umgesetzt. Skyla Noir leiht ihre Stimme und erweckt so die Botschaften der Songs auf eine au\u00dfergew\u00f6hnliche und emotionale Weise zum Leben.<\/p><p>Musikalisch bewegt sich das Album zwischen funky Pop und gef\u00fchlvollen Pop-Balladen, die oft von Piano-Melodien und den eleganten Kl\u00e4ngen eines Streichorchesters getragen werden. Diese Mischung schafft eine beeindruckende Klanglandschaft, die perfekt zu den Geschichten \u00fcber Dating-Erfahrungen im Jahr 2024 passt \u2013 eine Zeit voller emotionaler Achterbahnfahrten, entmutigender Entt\u00e4uschungen aber auch unerwarteter Momente.<\/p>\t\t\t\t\t\t\t\t<\/div>\n\t\t\t\t<\/div>\n\t\t\t\t\t<\/div>\n\t\t\t\t<\/div>\n\t\t<div class=\"elementor-element elementor-element-4fc4355 e-flex e-con-boxed e-con e-parent\" data-id=\"4fc4355\" data-element_type=\"container\">\n\t\t\t\t\t<div class=\"e-con-inner\">\n\t\t\t\t<div class=\"elementor-element elementor-element-f0a2e84 elementor-widget elementor-widget-text-editor\" data-id=\"f0a2e84\" data-element_type=\"widget\" data-widget_type=\"text-editor.default\">\n\t\t\t\t\t\t\t\t\t<p>Jedes Lied auf \"<strong>The Twisted Journey of Dating in 2024<\/strong>\" erz\u00e4hlt eine andere Facette des modernen Datings: von nachdenklichen, introspektiven Momenten bis hin zu humorvollen, fast ironischen Erlebnissen. Die Musik bewegt sich zwischen vertr\u00e4umten Balladen und energiegeladenen funky Pop-Tracks, die die Vielfalt der Emotionen und die Dynamik zwischen den H\u00f6hen und Tiefen von Beziehungen widerspiegeln.<\/p><p>Dieses Album ist mehr als nur Musik \u2013 es ist eine k\u00fcnstlerische Reise, auf der menschliche Empathie und KI-gesteuerte Innovation zu einer klangvollen Erz\u00e4hlung verschmelzen. Es nimmt den H\u00f6rer mit auf eine Erkundung der oft chaotischen, aber auch faszinierenden Welt des Datings, wobei die KI hilft, die emotional tiefgr\u00fcndigen, menschlichen Geschichten auf eine neue und au\u00dfergew\u00f6hnliche Weise zu erz\u00e4hlen.<\/p>\t\t\t\t\t\t\t\t<\/div>\n\t\t\t\t\t<\/div>\n\t\t\t\t<\/div>\n\t\t<div class=\"elementor-element elementor-element-41d2618 e-flex e-con-boxed e-con e-parent\" data-id=\"41d2618\" data-element_type=\"container\">\n\t\t\t\t\t<div class=\"e-con-inner\">\n\t\t\t\t<div class=\"elementor-element elementor-element-4c17eac elementor-pagination-position-outside elementor-widget elementor-widget-image-carousel\" data-id=\"4c17eac\" data-element_type=\"widget\" data-settings=\"{&quot;slides_to_show&quot;:&quot;6&quot;,&quot;slides_to_scroll&quot;:&quot;1&quot;,&quot;navigation&quot;:&quot;dots&quot;,&quot;autoplay_speed&quot;:2000,&quot;autoplay&quot;:&quot;yes&quot;,&quot;pause_on_hover&quot;:&quot;yes&quot;,&quot;pause_on_interaction&quot;:&quot;yes&quot;,&quot;infinite&quot;:&quot;yes&quot;,&quot;speed&quot;:500}\" data-widget_type=\"image-carousel.default\">\n\t\t\t\t\t\t\t<div class=\"elementor-image-carousel-wrapper swiper\" role=\"region\" aria-roledescription=\"carousel\" aria-label=\"Image Carousel\" dir=\"ltr\">\n\t\t\t<div class=\"elementor-image-carousel swiper-wrapper\" aria-live=\"off\">\n\t\t\t\t\t\t\t\t<div class=\"swiper-slide\" role=\"group\" aria-roledescription=\"slide\" aria-label=\"1 of 14\"><figure class=\"swiper-slide-inner\"><img decoding=\"async\" class=\"swiper-slide-image\" src=\"https:\/\/skylanoir.com\/wp-content\/uploads\/2025\/02\/Catfish-King-150x150.jpg\" alt=\"Catfish King\" \/><\/figure><\/div><div class=\"swiper-slide\" role=\"group\" aria-roledescription=\"slide\" aria-label=\"2 of 14\"><figure class=\"swiper-slide-inner\"><img decoding=\"async\" class=\"swiper-slide-image\" src=\"https:\/\/skylanoir.com\/wp-content\/uploads\/2025\/02\/Cliffhanger-150x150.jpg\" alt=\"Cliffhanger\" \/><\/figure><\/div><div class=\"swiper-slide\" role=\"group\" aria-roledescription=\"slide\" aria-label=\"3 of 14\"><figure class=\"swiper-slide-inner\"><img decoding=\"async\" class=\"swiper-slide-image\" src=\"https:\/\/skylanoir.com\/wp-content\/uploads\/2025\/02\/Excuses-Excuses-150x150.jpg\" alt=\"Excuses Excuses\" \/><\/figure><\/div><div class=\"swiper-slide\" role=\"group\" aria-roledescription=\"slide\" aria-label=\"4 of 14\"><figure class=\"swiper-slide-inner\"><img decoding=\"async\" class=\"swiper-slide-image\" src=\"https:\/\/skylanoir.com\/wp-content\/uploads\/2025\/02\/Fading-Echoes-150x150.jpg\" alt=\"Fading Echoes\" \/><\/figure><\/div><div class=\"swiper-slide\" role=\"group\" aria-roledescription=\"slide\" aria-label=\"5 of 14\"><figure class=\"swiper-slide-inner\"><img decoding=\"async\" class=\"swiper-slide-image\" src=\"https:\/\/skylanoir.com\/wp-content\/uploads\/2025\/02\/Just-say-No-150x150.jpg\" alt=\"Just say No\" \/><\/figure><\/div><div class=\"swiper-slide\" role=\"group\" aria-roledescription=\"slide\" aria-label=\"6 of 14\"><figure class=\"swiper-slide-inner\"><img decoding=\"async\" class=\"swiper-slide-image\" src=\"https:\/\/skylanoir.com\/wp-content\/uploads\/2025\/02\/Lost-150x150.jpg\" alt=\"Lost\" \/><\/figure><\/div><div class=\"swiper-slide\" role=\"group\" aria-roledescription=\"slide\" aria-label=\"7 of 14\"><figure class=\"swiper-slide-inner\"><img decoding=\"async\" class=\"swiper-slide-image\" src=\"https:\/\/skylanoir.com\/wp-content\/uploads\/2025\/02\/Lucky-Girl-150x150.jpg\" alt=\"Lucky Girl\" \/><\/figure><\/div><div class=\"swiper-slide\" role=\"group\" aria-roledescription=\"slide\" aria-label=\"8 of 14\"><figure class=\"swiper-slide-inner\"><img decoding=\"async\" class=\"swiper-slide-image\" src=\"https:\/\/skylanoir.com\/wp-content\/uploads\/2025\/02\/Mr.-Big-Deal-150x150.jpg\" alt=\"Mr. Big Deal\" \/><\/figure><\/div><div class=\"swiper-slide\" role=\"group\" aria-roledescription=\"slide\" aria-label=\"9 of 14\"><figure class=\"swiper-slide-inner\"><img decoding=\"async\" class=\"swiper-slide-image\" src=\"https:\/\/skylanoir.com\/wp-content\/uploads\/2025\/02\/Nice-Guy-150x150.jpg\" alt=\"Nice Guy\" \/><\/figure><\/div><div class=\"swiper-slide\" role=\"group\" aria-roledescription=\"slide\" aria-label=\"10 of 14\"><figure class=\"swiper-slide-inner\"><img decoding=\"async\" class=\"swiper-slide-image\" src=\"https:\/\/skylanoir.com\/wp-content\/uploads\/2025\/02\/Plot-Twist-150x150.jpg\" alt=\"Plot Twist\" \/><\/figure><\/div><div class=\"swiper-slide\" role=\"group\" aria-roledescription=\"slide\" aria-label=\"11 of 14\"><figure class=\"swiper-slide-inner\"><img decoding=\"async\" class=\"swiper-slide-image\" src=\"https:\/\/skylanoir.com\/wp-content\/uploads\/2025\/02\/Rooster-150x150.jpg\" alt=\"Rooster\" \/><\/figure><\/div><div class=\"swiper-slide\" role=\"group\" aria-roledescription=\"slide\" aria-label=\"12 of 14\"><figure class=\"swiper-slide-inner\"><img decoding=\"async\" class=\"swiper-slide-image\" src=\"https:\/\/skylanoir.com\/wp-content\/uploads\/2025\/02\/Send-me-more-150x150.jpg\" alt=\"Send me more\" \/><\/figure><\/div><div class=\"swiper-slide\" role=\"group\" aria-roledescription=\"slide\" aria-label=\"13 of 14\"><figure class=\"swiper-slide-inner\"><img decoding=\"async\" class=\"swiper-slide-image\" src=\"https:\/\/skylanoir.com\/wp-content\/uploads\/2025\/02\/Timewarp-Boy-150x150.jpg\" alt=\"Timewarp Boy\" \/><\/figure><\/div><div class=\"swiper-slide\" role=\"group\" aria-roledescription=\"slide\" aria-label=\"14 of 14\"><figure class=\"swiper-slide-inner\"><img decoding=\"async\" class=\"swiper-slide-image\" src=\"https:\/\/skylanoir.com\/wp-content\/uploads\/2025\/02\/Im-Done-150x150.jpg\" alt=\"Im Done\" \/><\/figure><\/div>\t\t\t<\/div>\n\t\t\t\t\t\t\t\n\t\t\t\t\t\t\t\t\t<div class=\"swiper-pagination\"><\/div>\n\t\t\t\t\t\t\t\t\t<\/div>\n\t\t\t\t\t\t<\/div>\n\t\t\t\t\t<\/div>\n\t\t\t\t<\/div>\n\t\t<div class=\"elementor-element elementor-element-9adfec3 e-flex e-con-boxed e-con e-parent\" data-id=\"9adfec3\" data-element_type=\"container\">\n\t\t\t\t\t<div class=\"e-con-inner\">\n\t\t<div class=\"elementor-element elementor-element-a19a089 e-con-full e-flex e-con e-child\" data-id=\"a19a089\" data-element_type=\"container\">\n\t\t\t\t<div class=\"elementor-element elementor-element-570ba72 elementor-widget elementor-widget-text-editor\" data-id=\"570ba72\" data-element_type=\"widget\" data-widget_type=\"text-editor.default\">\n\t\t\t\t\t\t\t\t\t<p><strong>IMPRESSUM<\/strong>:<\/p><p>FunkyBotRecords<br \/>Walter Goldschmidt Gasse 31<br \/>8042 Graz<br \/>info@skylanoir.com<\/p>\t\t\t\t\t\t\t\t<\/div>\n\t\t\t\t<\/div>\n\t\t<div class=\"elementor-element elementor-element-d2f029d e-con-full e-flex e-con e-child\" data-id=\"d2f029d\" data-element_type=\"container\">\n\t\t\t\t<div class=\"elementor-element elementor-element-02016af elementor-widget elementor-widget-image\" data-id=\"02016af\" data-element_type=\"widget\" data-widget_type=\"image.default\">\n\t\t\t\t\t\t\t\t\t\t\t\t\t\t\t<img loading=\"lazy\" decoding=\"async\" width=\"150\" height=\"150\" src=\"https:\/\/skylanoir.com\/wp-content\/uploads\/2025\/02\/Logo_Black-150x150.png\" class=\"attachment-thumbnail size-thumbnail wp-image-51\" alt=\"\" srcset=\"https:\/\/skylanoir.com\/wp-content\/uploads\/2025\/02\/Logo_Black-150x150.png 150w, https:\/\/skylanoir.com\/wp-content\/uploads\/2025\/02\/Logo_Black-300x300.png 300w, https:\/\/skylanoir.com\/wp-content\/uploads\/2025\/02\/Logo_Black-768x768.png 768w, https:\/\/skylanoir.com\/wp-content\/uploads\/2025\/02\/elementor\/thumbs\/Logo_Black-r1hqsnnt2y14pxi9t7fiqo0emkzgavoy0qpyf14ol0.png 50w, https:\/\/skylanoir.com\/wp-content\/uploads\/2025\/02\/elementor\/thumbs\/Logo_Black-r1hqsnntovfcixl50nv3spfl5939mrasyn0jhqdalk.png 100w, https:\/\/skylanoir.com\/wp-content\/uploads\/2025\/02\/Logo_Black.png 1024w\" sizes=\"(max-width: 150px) 100vw, 150px\" \/>\t\t\t\t\t\t\t\t\t\t\t\t\t\t\t<\/div>\n\t\t\t\t<\/div>\n\t\t<div class=\"elementor-element elementor-element-1fa084d e-con-full e-flex e-con e-child\" data-id=\"1fa084d\" data-element_type=\"container\">\n\t\t\t\t<div class=\"elementor-element elementor-element-9d47a4a elementor-widget elementor-widget-text-editor\" data-id=\"9d47a4a\" data-element_type=\"widget\" data-widget_type=\"text-editor.default\">\n\t\t\t\t\t\t\t\t\t<p><a href=\"https:\/\/skylanoir.com\/de\/cookie-policy-eu\/\">F\u00fcr die Cookie-Richtlinie hier klicken<\/a><\/p>\t\t\t\t\t\t\t\t<\/div>\n\t\t\t\t<\/div>\n\t\t\t\t\t<\/div>\n\t\t\t\t<\/div>\n\t\t\t\t<\/div>","protected":false},"excerpt":{"rendered":"<p>SKYLA NOIR New Album out now! Stream it HERE &#8220;The Twisted Journey of Dating in 2024&#8221; is a unique project that brilliantly celebrates the creative fusion of humanity and machines. As the debut album of the human artist, it combines intimate, personal experiences with the innovative power of artificial intelligence. The lyrics are drawn from [&hellip;]<\/p>","protected":false},"author":1,"featured_media":7,"parent":0,"menu_order":0,"comment_status":"closed","ping_status":"open","template":"elementor_canvas","meta":{"footnotes":""},"class_list":["post-2","page","type-page","status-publish","has-post-thumbnail","hentry"],"_links":{"self":[{"href":"https:\/\/skylanoir.com\/de\/wp-json\/wp\/v2\/pages\/2","targetHints":{"allow":["GET"]}}],"collection":[{"href":"https:\/\/skylanoir.com\/de\/wp-json\/wp\/v2\/pages"}],"about":[{"href":"https:\/\/skylanoir.com\/de\/wp-json\/wp\/v2\/types\/page"}],"author":[{"embeddable":true,"href":"https:\/\/skylanoir.com\/de\/wp-json\/wp\/v2\/users\/1"}],"replies":[{"embeddable":true,"href":"https:\/\/skylanoir.com\/de\/wp-json\/wp\/v2\/comments?post=2"}],"version-history":[{"count":100,"href":"https:\/\/skylanoir.com\/de\/wp-json\/wp\/v2\/pages\/2\/revisions"}],"predecessor-version":[{"id":181,"href":"https:\/\/skylanoir.com\/de\/wp-json\/wp\/v2\/pages\/2\/revisions\/181"}],"wp:featuredmedia":[{"embeddable":true,"href":"https:\/\/skylanoir.com\/de\/wp-json\/wp\/v2\/media\/7"}],"wp:attachment":[{"href":"https:\/\/skylanoir.com\/de\/wp-json\/wp\/v2\/media?parent=2"}],"curies":[{"name":"wp","href":"https:\/\/api.w.org\/{rel}","templated":true}]}}