{"id":10,"date":"2025-02-14T10:32:38","date_gmt":"2025-02-14T10:32:38","guid":{"rendered":"https:\/\/skylanoir.com\/cookie-policy-eu\/"},"modified":"2025-02-14T19:18:19","modified_gmt":"2025-02-14T19:18:19","slug":"cookie-policy-eu","status":"publish","type":"page","link":"https:\/\/skylanoir.com\/de\/cookie-policy-eu\/","title":{"rendered":"Cookie Policy"},"content":{"rendered":"<div data-elementor-type=\"wp-page\" data-elementor-id=\"10\" class=\"elementor elementor-10\">\n\t\t\t\t<div class=\"elementor-element elementor-element-936b12b e-grid e-con-boxed e-con e-parent\" data-id=\"936b12b\" data-element_type=\"container\">\n\t\t\t\t\t<div class=\"e-con-inner\">\n\t\t\t\t<div class=\"elementor-element elementor-element-42eb43c elementor-widget elementor-widget-heading\" data-id=\"42eb43c\" data-element_type=\"widget\" data-widget_type=\"heading.default\">\n\t\t\t\t\t<h1 class=\"elementor-heading-title elementor-size-default\">Cookies &amp; Co<\/h1>\t\t\t\t<\/div>\n\t\t\t\t<div class=\"elementor-element elementor-element-e0fbc75 elementor-widget elementor-widget-text-editor\" data-id=\"e0fbc75\" data-element_type=\"widget\" data-widget_type=\"text-editor.default\">\n\t\t\t\t\t\t\t\t\t<p style=\"text-align: right;\"><a href=\"https:\/\/skylanoir.com\/de\/\">HOME<\/a><\/p>\t\t\t\t\t\t\t\t<\/div>\n\t\t\t\t\t<\/div>\n\t\t\t\t<\/div>\n\t\t<div class=\"elementor-element elementor-element-21fe2b5 e-flex e-con-boxed e-con e-parent\" data-id=\"21fe2b5\" data-element_type=\"container\">\n\t\t\t\t\t<div class=\"e-con-inner\">\n\t\t\t\t<div class=\"elementor-element elementor-element-f0eddff elementor-widget elementor-widget-text-editor\" data-id=\"f0eddff\" data-element_type=\"widget\" data-widget_type=\"text-editor.default\">\n\t\t\t\t\t\t\t\t\t<p><strong>Copyright<br \/><\/strong>S\u00e4mtliche Inhalte (Texte, Fotos, Grafiken, Layout, Datenbankinhalte etc.) sind urheberrechtlich gesch\u00fctzt. Jegliche Verwendung ist nur mit ausdr\u00fccklicher Genehmigung zul\u00e4ssig. Es gilt das \u00d6sterreichische Urheberrechtsgesetz (UrhG).<\/p><p><strong>Versto\u00df<br \/><\/strong>Bei Versto\u00df gegen die Urheberrechte behalten wir uns rechtliche Schritte vor.<\/p><p><strong>Haftung<\/strong><br \/>Es kann keine Haftung f\u00fcr Inhalte und Informationen dieser Website \u00fcbernommen werden. Der Herausgeber dieser Website identifiziert sich nicht mit den Inhalten externer Webseiten (Links), und \u00fcbernimmt daf\u00fcr keinerlei Haftung. Zum Zeitpunkt der Linksetzung auf externe Webseiten, haben sich auf diesen keine illegalen Inhalte befunden. Eine laufende \u00dcberpr\u00fcfung dieser Links ist redaktionell jedoch nicht m\u00f6glich. Es gilt die Linkhaftung nach E-Commerce-Gesetz (ECG) \u00d6sterreich.<\/p><p><strong>Links<br \/><\/strong>Links auf diese Website sind erw\u00fcnscht und bed\u00fcrfen, bis auf Widerruf, keiner ausdr\u00fccklichen Genehmigung. Das Laden einzelner Inhalte oder Seiten in fremde Frames ist untersagt.<\/p><p><strong>Datenschutz<\/strong><br \/>Der Schutz Ihrer pers\u00f6nlichen Daten ist uns wichtig. Wir verarbeiten Ihre Daten ausschlie\u00dflich im Rahmen der gesetzlichen Bestimmungen (DSGVO, DSG 2000, TKG 2003). Nachfolgend informieren wir Sie \u00fcber die wichtigsten Aspekte der Datenverarbeitung im Rahmen unserer Website.<\/p><p><strong>Cookies<br \/><\/strong>Unsere Website verwendet Cookies. Dabei handelt es sich um kleine Textdateien, die mit Hilfe des Browsers auf Ihrem Endger\u00e4t abgelegt werden. Sie richten keinen Schaden an Ihrem Endger\u00e4t an.<\/p><p>Wir nutzen Cookies dazu, unser Angebot nutzerfreundlich zu gestalten. Einige Cookies bleiben auf Ihrem Endger\u00e4t gespeichert, bis Sie diese l\u00f6schen. Dies erm\u00f6glicht uns, Ihren Browser beim n\u00e4chsten Besuch wiederzuerkennen.<\/p><p>Wenn Sie dies nicht w\u00fcnschen, k\u00f6nnen Sie Ihren Browser so einrichten, dass er Sie \u00fcber das Setzen von Cookies informiert und Sie dies nur im Einzelfall zulassen.<\/p><p>Bei der Deaktivierung von Cookies kann die Funktionalit\u00e4t unserer Website eingeschr\u00e4nkt sein.<\/p><p><strong>Ihre Rechte<br \/><\/strong>Sie haben grunds\u00e4tzlich das Recht auf Auskunft, Berichtigung, L\u00f6schung, Einschr\u00e4nkung der Verarbeitung, Daten\u00fcbertragbarkeit, Widerruf und Widerspruch. Wenn Sie glauben, dass die Verarbeitung Ihrer Daten gegen das Datenschutzrecht verst\u00f6\u00dft oder Ihre datenschutzrechtlichen Anspr\u00fcche in einer anderen Weise verletzt worden sind, k\u00f6nnen Sie sich bei der Aufsichtsbeh\u00f6rde beschweren. In \u00d6sterreich ist dies die Datenschutzbeh\u00f6rde.<\/p>\t\t\t\t\t\t\t\t<\/div>\n\t\t\t\t\t<\/div>\n\t\t\t\t<\/div>\n\t\t\t\t<\/div>","protected":false},"excerpt":{"rendered":"<p>Cookies &amp; Co HOME CopyrightAll content (texts, photos, graphics, layout, database content, etc.) is protected by copyright. Any use is only permitted with explicit authorization. Austrian copyright law (UrhG) applies. ViolationIn case of a violation of copyrights, we reserve the right to take legal action. LiabilityNo liability can be assumed for the content and information [&hellip;]<\/p>","protected":false},"author":1,"featured_media":143,"parent":0,"menu_order":0,"comment_status":"closed","ping_status":"closed","template":"","meta":{"footnotes":""},"class_list":["post-10","page","type-page","status-publish","has-post-thumbnail","hentry"],"_links":{"self":[{"href":"https:\/\/skylanoir.com\/de\/wp-json\/wp\/v2\/pages\/10","targetHints":{"allow":["GET"]}}],"collection":[{"href":"https:\/\/skylanoir.com\/de\/wp-json\/wp\/v2\/pages"}],"about":[{"href":"https:\/\/skylanoir.com\/de\/wp-json\/wp\/v2\/types\/page"}],"author":[{"embeddable":true,"href":"https:\/\/skylanoir.com\/de\/wp-json\/wp\/v2\/users\/1"}],"replies":[{"embeddable":true,"href":"https:\/\/skylanoir.com\/de\/wp-json\/wp\/v2\/comments?post=10"}],"version-history":[{"count":16,"href":"https:\/\/skylanoir.com\/de\/wp-json\/wp\/v2\/pages\/10\/revisions"}],"predecessor-version":[{"id":142,"href":"https:\/\/skylanoir.com\/de\/wp-json\/wp\/v2\/pages\/10\/revisions\/142"}],"wp:featuredmedia":[{"embeddable":true,"href":"https:\/\/skylanoir.com\/de\/wp-json\/wp\/v2\/media\/143"}],"wp:attachment":[{"href":"https:\/\/skylanoir.com\/de\/wp-json\/wp\/v2\/media?parent=10"}],"curies":[{"name":"wp","href":"https:\/\/api.w.org\/{rel}","templated":true}]}}